{"id":332,"date":"2024-05-21T04:55:40","date_gmt":"2024-05-21T04:55:40","guid":{"rendered":"https:\/\/hoanongteva.com\/?post_type=product&#038;p=332"},"modified":"2024-05-21T04:59:32","modified_gmt":"2024-05-21T04:59:32","slug":"than-ray-54wp-khongray54wp","status":"publish","type":"product","link":"https:\/\/hoanongteva.com\/?product=than-ray-54wp-khongray54wp","title":{"rendered":"TH\u1ea6N R\u1ea6Y 54WP (KHONGRAY54WP)"},"content":{"rendered":"<p>&nbsp;<\/p>\n<h2><b>TH\u00d4NG S\u1ed0 K\u1ef8 THU\u1eacT<\/b><\/h2>\n<p>Th\u00e0nh ph\u1ea7n: Acetamiprid 24%,\u00a0 Buprofezin 30%, Ph\u1ee5 gia \u0111\u1eb7c bi\u1ec7t v\u1eeba \u0111\u1ee7 100%.<\/p>\n<p>\u0110\u1eb7c t\u00ednh s\u1ea3n ph\u1ea9m:<\/p>\n<ul>\n<li aria-level=\"1\">Ki\u1ec3m so\u00e1t t\u1ed1t c\u00f4n tr\u00f9ng g\u00e2y h\u1ea1i, t\u00e1c \u0111\u1ed9ng ti\u1ebfp x\u00fac, v\u1ecb \u0111\u1ed9c, th\u1ea5m s\u00e2u nhanh.<\/li>\n<li aria-level=\"1\">Ph\u1ed5 t\u00e1c d\u1ee5ng r\u1ed9ng, hi\u1ec7u l\u1ef1c cao.<\/li>\n<li aria-level=\"1\">Ch\u1ebft nhanh, ch\u1ebft s\u1ea1ch \u2013 l\u01b0u d\u1eabn k\u00e9o d\u00e0i<\/li>\n<\/ul>\n<p>D\u1ea1ng thu\u1ed1c: WP<\/p>\n<h2><b>C\u01a0 CH\u1ebe T\u00c1C \u0110\u1ed8NG<\/b><\/h2>\n<ul>\n<li><a href=\"https:\/\/en.wikipedia.org\/wiki\/Acetamiprid\">Acetamiprid<\/a>\u00a0l\u00e0 ho\u1ea1t ch\u1ea5t tr\u1eeb s\u00e2u c\u00f3 kh\u1ea3 n\u0103ng ho\u1ea1t \u0111\u1ed9ng th\u1ea7n kinh m\u00f4 ph\u1ecfng theo Nicotine. Ho\u1ea1t ch\u1ea5t c\u00f3 hi\u1ec7u qu\u1ea3 trong vi\u1ec7c th\u00fac \u0111\u1ea9y, t\u00ecm ki\u1ebfm v\u00e0 ti\u00eau di\u1ec7t c\u00e1c lo\u1ea1i c\u00f4n tr\u00f9ng m\u1ed9t c\u00e1ch c\u00f3 ch\u1ecdn l\u1ecdc. Do \u0111\u00f3, thu\u1ed1c tr\u1eeb s\u00e2u c\u00f3 ch\u1ee9a ho\u1ea1t ch\u1ea5t n\u00e0y \u00edt \u1ea3nh h\u01b0\u1edfng \u0111\u1ebfn c\u00e1c lo\u1ea1i \u0111\u1ed9ng v\u1eadt c\u00f3 v\u00fa.<\/li>\n<li>Ho\u1ea1t ch\u1ea5t Buprofezin \u0111\u00f3ng vai tr\u00f2 nh\u01b0 m\u1ed9t lo\u1ea1i thu\u1ed1c tr\u1eeb s\u00e2u v\u00e0 l\u00e0 th\u00e0nh vi\u00ean c\u1ee7a homoptera. C\u00f3 hi\u1ec7u qu\u1ea3 \u1ee9c ch\u1ebf t\u1ed5ng h\u1ee3p chitin. \u0110\u00e2y l\u00e0 ho\u1ea1t ch\u1ea5t c\u00f3 kh\u1ea3 n\u0103ng gi\u1ed1ng ch\u1ea5t \u0111i\u1ec1u h\u00f2a sinh tr\u01b0\u1edfng c\u00f4n tr\u00f9ng m\u1ea1nh nh\u1ea5t th\u1ebf gi\u1edbi.<\/li>\n<\/ul>\n<h2><b>C\u00d4NG D\u1ee4NG S\u1ea2N PH\u1ea8M<\/b><\/h2>\n<p>Di\u1ec7t s\u1ea1ch b\u00f9 l\u1ea1ch, r\u1ea7y xanh, r\u1ea7y n\u00e2u, s\u00e2u \u0103n l\u00e1,\u2026<\/p>\n<h2><b>H\u01af\u1edaNG D\u1eaaN S\u1eec D\u1ee4NG<\/b><\/h2>\n<ul>\n<li>S\u1eed d\u1ee5ng v\u1edbi li\u1ec1u l\u01b0\u1ee3ng: 0.3-0.35 kg\/ha.<\/li>\n<li>L\u01b0\u1ee3ng n\u01b0\u1edbc phun 320 l\u00edt\/ha.<\/li>\n<li>Phun thu\u1ed1c khi r\u1ea7y c\u00e1m l\u1ed9 ra.<\/li>\n<\/ul>\n<table>\n<tbody>\n<tr>\n<td><b>Li\u1ec1u s\u1eed d\u1ee5ng<\/b><\/td>\n<td><b>\u0110\u1ed1i t\u01b0\u1ee3ng c\u00e2y tr\u1ed3ng<\/b><\/td>\n<td><b>C\u00f4ng d\u1ee5ng<\/b><\/td>\n<\/tr>\n<tr>\n<td>L\u00faa, rau m\u00e0u: 20-30g\/b\u00ecnh 25 l\u00edt<\/td>\n<td rowspan=\"2\">C\u00e2y \u0103n tr\u00e1i, c\u00e2y c\u00f4ng nghi\u1ec7p, rau m\u00e0u, l\u00faa, hoa ki\u1ec3ng<\/td>\n<td rowspan=\"2\">B\u00f9 l\u1ea1ch, r\u1ea7y xanh, r\u1ea7y n\u00e2u, s\u00e2u \u0103n l\u00e1,\u2026<\/td>\n<\/tr>\n<tr>\n<td>C\u00e2y \u0103n tr\u00e1i: 100g\/phuy 200 l\u00edt<\/td>\n<\/tr>\n<\/tbody>\n<\/table>\n<h2><b>M\u1ed8T S\u1ed0 L\u01afU \u00dd KHI S\u1eec D\u1ee4NG<\/b><\/h2>\n<ul>\n<li aria-level=\"1\">B\u1ea3o qu\u1ea3n s\u1ea3n ph\u1ea9m \u1edf n\u01a1i kh\u00f4 r\u00e1o, tho\u00e1ng m\u00e1t.<\/li>\n<li aria-level=\"1\">\u0110\u1ec3 xa t\u1ea7m tay c\u1ee7a tr\u1ebb em.<\/li>\n<li aria-level=\"1\">Kh\u00f4ng h\u00fat thu\u1ed1c v\u00e0 \u0103n u\u1ed1ng khi phun thu\u1ed1c, t\u1eafm r\u1eeda s\u1ea1ch s\u1ebd sau khi phun thu\u1ed1c.<\/li>\n<li aria-level=\"1\">Tr\u00e1nh ti\u1ebfp x\u00fac v\u1edbi da, mi\u1ec7ng v\u00e0 m\u1eaft.<\/li>\n<li aria-level=\"1\">Kh\u00f4ng r\u1eeda d\u1ee5ng c\u1ee5 phun \u1edf ngu\u1ed3n n\u01b0\u1edbc sinh ho\u1ea1t v\u00e0 ao h\u1ed3 nu\u00f4i th\u1ee7y h\u1ea3i s\u1ea3n.<\/li>\n<li aria-level=\"1\">Mang \u0111\u1ed3 b\u1ea3o h\u1ed9 lao \u0111\u1ed9ng ph\u00f9 h\u1ee3p. N\u1ebfu d\u00ednh ph\u1ea3i thu\u1ed1c, l\u1eadp t\u1ee9c c\u1edfi qu\u1ea7n \u00e1o b\u1ecb d\u00ednh thu\u1ed1c v\u00e0 r\u1eeda k\u1ef9 b\u1eb1ng nhi\u1ec1u n\u01b0\u1edbc.<\/li>\n<li aria-level=\"1\">Kh\u00f4ng s\u1eed d\u1ee5ng s\u1ea3n ph\u1ea9m v\u00ec b\u1ea5t k\u1ef3 m\u1ee5c \u0111\u00edch n\u00e0o kh\u00e1c.<\/li>\n<\/ul>\n<h2><b>TH\u00d4NG TIN NH\u00c0 M\u00c1Y\/CH\u1ee8NG NH\u1eacN<\/b><\/h2>\n<p>Zhejiang\u00a0Well-done Chemical Co., Ltd \u0111\u01b0\u1ee3c th\u00e0nh l\u1eadp v\u00e0o n\u0103m 1984, Welldone l\u00e0 nh\u00e0 s\u1ea3n xu\u1ea5t thu\u1ed1c tr\u1eeb s\u00e2u chuy\u00ean d\u1ee5ng \u0111\u01b0\u1ee3c \u1ee6y ban C\u1ea3i c\u00e1ch v\u00e0 Ph\u00e1t tri\u1ec3n Qu\u1ed1c gia ph\u00ea duy\u1ec7t v\u00e0 l\u00e0 m\u1ed9t trong 100 doanh nghi\u1ec7p h\u00e0ng \u0111\u1ea7u \u1edf qu\u1eadn Yuhang. Th\u00f4ng qua vi\u1ec7c thi\u1ebft l\u1eadp m\u1ed1i quan h\u1ec7 h\u1ee3p t\u00e1c v\u00e0 kinh doanh ch\u1eb7t ch\u1ebd v\u1edbi c\u00e1c c\u00f4ng ty v\u00e0 tr\u01b0\u1eddng \u0111\u1ea1i h\u1ecdc n\u1ed5i ti\u1ebfng, Welldone hi\u1ec7n \u0111\u00e3 tr\u1edf th\u00e0nh m\u1ed9t c\u00f4ng ty nghi\u00ean c\u1ee9u to\u00e0n di\u1ec7n,\u2026<\/p>\n","protected":false},"excerpt":{"rendered":"<p>Khongray 54WP l\u00e0 gi\u1ea3i ph\u00e1p tr\u1eeb s\u00e2u ph\u1ed5 r\u1ed9ng, \u0111\u01b0\u1ee3c k\u1ebft h\u1ee3p b\u1edfi 2 ho\u1ea1t ch\u1ea5t c\u00f3 ho\u1ea1t l\u1ef1c m\u1ea1nh m\u1ebd l\u00e0\u00a0 Acetamiprid v\u00e0 Buprofezin. Th\u00f4ng qua c\u01a1 ch\u1ebf n\u1ed9i h\u1ea5p, ti\u1ebfp x\u00fac, th\u1ea5m s\u00e2u nhanh v\u00e0 l\u01b0u d\u1eabn m\u1ea1nh. Khongray 54WP hi\u1ec7n l\u00e0 gi\u1ea3i ph\u00e1p qu\u1ea3n l\u00fd s\u00e2u h\u1ea1i nhanh v\u00e0 hi\u1ec7u qu\u1ea3 m\u1ea1nh m\u1ebd nh\u1ea5t hi\u1ec7n nay.<\/p>\n","protected":false},"featured_media":334,"comment_status":"closed","ping_status":"closed","template":"","meta":[],"product_cat":[74,70],"product_tag":[80,76,77,79,78],"class_list":{"0":"post-332","1":"product","2":"type-product","3":"status-publish","4":"has-post-thumbnail","6":"product_cat-hoa-hoc","7":"product_cat-thuoc-tru-sau","8":"product_tag-hoa-nong-teva","9":"product_tag-khongray","10":"product_tag-than-ray-54wp","11":"product_tag-thuoc-hoa-hoc","12":"product_tag-thuoc-tru-sau","14":"first","15":"instock","16":"shipping-taxable","17":"product-type-simple","18":"add-to-wishlist-after_add_to_cart"},"_links":{"self":[{"href":"https:\/\/hoanongteva.com\/index.php?rest_route=\/wp\/v2\/product\/332","targetHints":{"allow":["GET"]}}],"collection":[{"href":"https:\/\/hoanongteva.com\/index.php?rest_route=\/wp\/v2\/product"}],"about":[{"href":"https:\/\/hoanongteva.com\/index.php?rest_route=\/wp\/v2\/types\/product"}],"replies":[{"embeddable":true,"href":"https:\/\/hoanongteva.com\/index.php?rest_route=%2Fwp%2Fv2%2Fcomments&post=332"}],"wp:featuredmedia":[{"embeddable":true,"href":"https:\/\/hoanongteva.com\/index.php?rest_route=\/wp\/v2\/media\/334"}],"wp:attachment":[{"href":"https:\/\/hoanongteva.com\/index.php?rest_route=%2Fwp%2Fv2%2Fmedia&parent=332"}],"wp:term":[{"taxonomy":"product_cat","embeddable":true,"href":"https:\/\/hoanongteva.com\/index.php?rest_route=%2Fwp%2Fv2%2Fproduct_cat&post=332"},{"taxonomy":"product_tag","embeddable":true,"href":"https:\/\/hoanongteva.com\/index.php?rest_route=%2Fwp%2Fv2%2Fproduct_tag&post=332"}],"curies":[{"name":"wp","href":"https:\/\/api.w.org\/{rel}","templated":true}]}}