{"id":344,"date":"2024-05-21T05:40:46","date_gmt":"2024-05-21T05:40:46","guid":{"rendered":"https:\/\/hoanongteva.com\/?post_type=product&#038;p=344"},"modified":"2026-04-29T12:17:23","modified_gmt":"2026-04-29T05:17:23","slug":"than-cong-teva-39wp","status":"publish","type":"product","link":"https:\/\/hoanongteva.com\/?product=than-cong-teva-39wp","title":{"rendered":"TH\u1ea6N C\u00d4NG TEVA 39WP"},"content":{"rendered":"<p><strong>Ho\u1ea1t ch\u1ea5t:<\/strong><br \/>\n\u2013 Buprofezin\u2026..22%w\/w<br \/>\n\u2013 Imdacloprid\u2026..17%w\/w<\/p>\n<p><strong>C\u00f4ng d\u1ee5ng:<\/strong><br \/>\nDi\u1ec7t s\u1ea1ch r\u1ea7y n\u00e2u<br \/>\nL\u00e0 thu\u1ed1c tr\u1eeb s\u00e2u r\u1ea7y th\u1ebf h\u1ec7 m\u1edbi c\u00f3 t\u00e1c \u0111\u1ed9ng ti\u1ebfp x\u00fac, v\u1ecb \u0111\u1ed9c l\u01b0u d\u1ea7n m\u1ea1nh, ph\u1ed5 t\u00e1c d\u1ee5ng k\u00e9o d\u00e0i, hi\u1ec7u l\u1ef1c s\u00e2u. Thu\u1ed1c v\u1eeba c\u00f3 t\u00e1c d\u1ee5ng nhanh, v\u1eeba ch\u1ed1ng l\u1ed9t x\u00e1c, ung tr\u1ee9ng g\u00e2y h\u1ea1i.<\/p>\n<p><strong>H\u01b0\u1edbng d\u1eabn s\u1eed d\u1ee5ng:<\/strong><br \/>\n\u2013 Pha g\u00f3i 100gr cho 2 phuy 200 l\u00edt<br \/>\n\u2013 Li\u1ec1u l\u01b0\u1ee3ng 0.3kg\/ha<br \/>\n\u2013 L\u01b0\u1ee3ng n\u01b0\u1edbc phun 400-600 l\u00edt\/ha<br \/>\n\u2013 Th\u1eddi gian c\u00e1ch ly: 7 ng\u00e0y<\/p>\n<p><strong>H\u01b0\u1edbng d\u1eabn an to\u00e0n:<\/strong><br \/>\n\u2013 M\u1eb7c b\u1ea3o h\u1ed9 khi pha ho\u1eb7c phun s\u1ea3n ph\u1ea9m<br \/>\n\u2013 Kh\u00f4ng phun thu\u1ed1c ng\u01b0\u1ee3c chi\u1ec1u gi\u00f3<br \/>\n\u2013 Kh\u00f4ng \u0103n u\u1ed1ng, h\u00fat thu\u1ed1c khi pha v\u00e0 phun thu\u1ed1c.<\/p>\n","protected":false},"excerpt":{"rendered":"<p><b>TH\u1ea6N C\u00d4NG TEVA 39WP S\u1eed d\u1ee5ng \u0111\u1ec3 ti\u00eau di\u1ec7t v\u00e0 ki\u1ec3m so\u00e1t c\u00e1c lo\u1ea1i s\u00e2u b\u1ec7nh h\u1ea1i tr\u00ean c\u00e2y tr\u1ed3ng nh\u01b0 s\u00e2u \u0111\u1ee5c qu\u1ea3, s\u00e2u x\u00e1m, s\u00e2u \u0111\u1ee5c th\u00e2n, s\u00e2u b\u01b0\u1edbm v\u00e0 m\u1ed9t s\u1ed1 lo\u1ea1i s\u00e2u kh\u00e1c<\/b>. N\u00f3 c\u0169ng c\u00f3 kh\u1ea3 n\u0103ng ki\u1ec3m so\u00e1t s\u00e2u kh\u00e1ng thu\u1ed1c.<\/p>\n","protected":false},"featured_media":345,"comment_status":"open","ping_status":"closed","template":"","meta":[],"product_cat":[74,70],"product_tag":[80,81,82,79,78],"class_list":{"0":"post-344","1":"product","2":"type-product","3":"status-publish","4":"has-post-thumbnail","6":"product_cat-hoa-hoc","7":"product_cat-thuoc-tru-sau","8":"product_tag-hoa-nong-teva","9":"product_tag-than-cong-gold","10":"product_tag-than-cong-gold-35wp","11":"product_tag-thuoc-hoa-hoc","12":"product_tag-thuoc-tru-sau","14":"first","15":"instock","16":"featured","17":"shipping-taxable","18":"product-type-simple","19":"add-to-wishlist-after_add_to_cart"},"_links":{"self":[{"href":"https:\/\/hoanongteva.com\/index.php?rest_route=\/wp\/v2\/product\/344","targetHints":{"allow":["GET"]}}],"collection":[{"href":"https:\/\/hoanongteva.com\/index.php?rest_route=\/wp\/v2\/product"}],"about":[{"href":"https:\/\/hoanongteva.com\/index.php?rest_route=\/wp\/v2\/types\/product"}],"replies":[{"embeddable":true,"href":"https:\/\/hoanongteva.com\/index.php?rest_route=%2Fwp%2Fv2%2Fcomments&post=344"}],"wp:featuredmedia":[{"embeddable":true,"href":"https:\/\/hoanongteva.com\/index.php?rest_route=\/wp\/v2\/media\/345"}],"wp:attachment":[{"href":"https:\/\/hoanongteva.com\/index.php?rest_route=%2Fwp%2Fv2%2Fmedia&parent=344"}],"wp:term":[{"taxonomy":"product_cat","embeddable":true,"href":"https:\/\/hoanongteva.com\/index.php?rest_route=%2Fwp%2Fv2%2Fproduct_cat&post=344"},{"taxonomy":"product_tag","embeddable":true,"href":"https:\/\/hoanongteva.com\/index.php?rest_route=%2Fwp%2Fv2%2Fproduct_tag&post=344"}],"curies":[{"name":"wp","href":"https:\/\/api.w.org\/{rel}","templated":true}]}}