{"id":385,"date":"2024-05-21T15:40:05","date_gmt":"2024-05-21T08:40:05","guid":{"rendered":"https:\/\/hoanongteva.com\/?post_type=product&#038;p=385"},"modified":"2025-10-23T06:03:26","modified_gmt":"2025-10-22T23:03:26","slug":"caymangold-33wp","status":"publish","type":"product","link":"https:\/\/hoanongteva.com\/?product=caymangold-33wp","title":{"rendered":"CAYMANGOLD 33WP"},"content":{"rendered":"<ul>\n<li>Caymangold 33WP ch\u1ee9a Acetamiprid 25% + Imidacloprid 8% c\u00f3 c\u00f4ng d\u1ee5ng trong vi\u1ec7c ph\u00f2ng, \u0111i\u1ec1u tr\u1ecb c\u00e1c lo\u1ea1i s\u00e2u b\u1ec7nh ho\u1eb7c c\u00e1c v\u1ea5n \u0111\u1ec1 c\u00e2y tr\u1ed3ng trong N\u00f4ng nghi\u1ec7p.<\/li>\n<li><strong>\u0110\u1eb7c bi\u1ec7t : r\u1ea5t hi\u1ec7u qu\u1ea3 khi x\u1eed l\u00fd tr\u1ed9n gi\u1ed1ng , ph\u00f2ng b\u00f9 l\u1ea1ch , r\u1ea7y n\u00e2u \u1edf giai \u0111o\u1ea1n \u0111\u1ea7u.<\/strong><\/li>\n<\/ul>\n<h2><strong>Ph\u1ea1m vi s\u1eed d\u1ee5ng:<\/strong><\/h2>\n<p>Caymangold 33WP c\u00f3 t\u00e1c \u0111\u1ed9ng ti\u1ebfp x\u00fac v\u1ecb \u0111\u1ed9c, c\u00f3 kh\u1ea3 n\u0103ng n\u1ed9i h\u1ea5p , ph\u1ed5 t\u00e1c d\u1ee5ng r\u1ed9ng. Ho\u1ea1t ch\u1ea5t acetamiprid 25% c\u00f3 t\u00e1c d\u1ee5ng di\u1ec7t tr\u1eeb c\u00f4n tr\u00f9ng thu\u1ed9c nh\u00f3m mi\u1ec7ng nhai v\u00e0 ch\u00edch h\u00fat<\/p>\n<h2><strong>Li\u1ec1u l\u01b0\u1ee3ng v\u00e0 c\u00e1ch d\u00f9ng\u00a0<\/strong><strong>thu\u1ed1c tr\u1eeb s\u00e2u CaymanGold 33WP<\/strong><\/h2>\n<ul>\n<li>Li\u1ec1u l\u01b0\u1ee3ng: 0.11 \u2013 0.22 kg\/ha<\/li>\n<li>Th\u1eddi gian c\u00e1ch ly (PreHarvest Interval- PHI): Kh\u00f4ng s\u1eed d\u1ee5ng thu\u1ed1c k\u1ec3 t\u1eeb khi l\u00faa tr\u1ed7<\/li>\n<li>C\u00e1ch d\u00f9ng:\u00a0L\u01b0\u1ee3ng n\u01b0\u1edbc phun 320 \u2013 400 l\u00edt\/ha. Phun thu\u1ed1c khi r\u00e0y c\u00e1m ra r\u1ed9<\/li>\n<\/ul>\n","protected":false},"excerpt":{"rendered":"<p>Caymangold 33WP c\u00f3 t\u00e1c \u0111\u1ed9ng ti\u1ebfp x\u00fac v\u1ecb \u0111\u1ed9c, c\u00f3 kh\u1ea3 n\u0103ng n\u1ed9i h\u1ea5p , ph\u1ed5 t\u00e1c d\u1ee5ng r\u1ed9ng. Ho\u1ea1t ch\u1ea5t acetamiprid 25% c\u00f3 t\u00e1c d\u1ee5ng di\u1ec7t tr\u1eeb c\u00f4n tr\u00f9ng thu\u1ed9c nh\u00f3m mi\u1ec7ng nhai v\u00e0 ch\u00edch h\u00fat<\/p>\n<p><strong>\u0110\u1eb7c bi\u1ec7t : r\u1ea5t hi\u1ec7u qu\u1ea3 khi x\u1eed l\u00fd tr\u1ed9n gi\u1ed1ng , ph\u00f2ng b\u00f9 l\u1ea1ch , r\u1ea7y n\u00e2u \u1edf giai \u0111o\u1ea1n \u0111\u1ea7u.<\/strong><\/p>\n<p><strong>Th\u00e0nh Ph\u1ea7n:<\/strong><\/p>\n<ul>\n<li>Acetamiprid 25%\u00a0+ Imidacloprid 8%: 33% w\/w<\/li>\n<\/ul>\n","protected":false},"featured_media":386,"comment_status":"open","ping_status":"closed","template":"","meta":[],"product_cat":[74,70],"product_tag":[90,89,80,79,78],"class_list":{"0":"post-385","1":"product","2":"type-product","3":"status-publish","4":"has-post-thumbnail","6":"product_cat-hoa-hoc","7":"product_cat-thuoc-tru-sau","8":"product_tag-caymangold","9":"product_tag-caymangold-33wp","10":"product_tag-hoa-nong-teva","11":"product_tag-thuoc-hoa-hoc","12":"product_tag-thuoc-tru-sau","13":"pa_100-83","15":"first","16":"instock","17":"shipping-taxable","18":"product-type-simple","19":"add-to-wishlist-after_add_to_cart"},"_links":{"self":[{"href":"https:\/\/hoanongteva.com\/index.php?rest_route=\/wp\/v2\/product\/385","targetHints":{"allow":["GET"]}}],"collection":[{"href":"https:\/\/hoanongteva.com\/index.php?rest_route=\/wp\/v2\/product"}],"about":[{"href":"https:\/\/hoanongteva.com\/index.php?rest_route=\/wp\/v2\/types\/product"}],"replies":[{"embeddable":true,"href":"https:\/\/hoanongteva.com\/index.php?rest_route=%2Fwp%2Fv2%2Fcomments&post=385"}],"wp:featuredmedia":[{"embeddable":true,"href":"https:\/\/hoanongteva.com\/index.php?rest_route=\/wp\/v2\/media\/386"}],"wp:attachment":[{"href":"https:\/\/hoanongteva.com\/index.php?rest_route=%2Fwp%2Fv2%2Fmedia&parent=385"}],"wp:term":[{"taxonomy":"product_cat","embeddable":true,"href":"https:\/\/hoanongteva.com\/index.php?rest_route=%2Fwp%2Fv2%2Fproduct_cat&post=385"},{"taxonomy":"product_tag","embeddable":true,"href":"https:\/\/hoanongteva.com\/index.php?rest_route=%2Fwp%2Fv2%2Fproduct_tag&post=385"}],"curies":[{"name":"wp","href":"https:\/\/api.w.org\/{rel}","templated":true}]}}