{"id":394,"date":"2024-05-21T16:21:45","date_gmt":"2024-05-21T09:21:45","guid":{"rendered":"https:\/\/hoanongteva.com\/?post_type=product&#038;p=394"},"modified":"2026-03-28T20:46:34","modified_gmt":"2026-03-28T13:46:34","slug":"hoanganhvil-50sc","status":"publish","type":"product","link":"https:\/\/hoanongteva.com\/?product=hoanganhvil-50sc","title":{"rendered":"HOANGANHVIL 50SC"},"content":{"rendered":"<p><strong>\u0110\u1eb6C T\u00cdNH &amp; C\u00d4NG D\u1ee4NG:<\/strong><br \/>\nS\u1ea3n ph\u1ea9m l\u00e0 thu\u1ed1c tr\u1eeb b\u1ec7nh ph\u1ed5 r\u1ed9ng, c\u00f3 hi\u1ec7u l\u1ef1c cao tr\u00ean nhi\u1ec1u lo\u1ea1i n\u1ea5m b\u1ec7nh. Thu\u1ed1c c\u00f3 \u0111\u1eb7c t\u00ednh ti\u1ebfp x\u00fac, th\u1ea5m s\u00e2u v\u00e0 l\u01b0u d\u1eabn v\u00e0o m\u00f4 c\u00e2y n\u00ean \u00edt b\u1ecb r\u1eeda tr\u00f4i. Hi\u1ec7u l\u1ef1c tr\u1eeb b\u1ec7nh nhanh, m\u1ea1nh v\u00e0 k\u00e9o d\u00e0i.<br \/>\nGi\u00fap c\u00e2y kh\u1ecfe, xanh l\u00e1, t\u0103ng n\u0103ng su\u1ea5t v\u00e0 ch\u1ea5t l\u01b0\u1ee3ng. T\u0103ng kh\u1ea3 n\u0103ng ch\u1ed1ng ch\u1ecbu gi\u00fap c\u00e2y tr\u1ed3ng ph\u00e1t tri\u1ec3n nhanh h\u01a1n.<br \/>\nHexaconazole l\u00e0 m\u1ed9t &#8220;ho\u1ea1t ch\u1ea5t&#8221; thu\u1ed1c di\u1ec7t n\u1ea5m triazole ph\u1ed5 r\u1ed9ng \u0111\u01b0\u1ee3c s\u1eed d\u1ee5ng \u0111\u1ec3 ki\u1ec3m so\u00e1t nhi\u1ec1u lo\u1ea1i n\u1ea5m \u0111\u1eb7c bi\u1ec7t l\u00e0 Ascomycetes v\u00e0 Basidiomycetes. Ho\u1ea1t ch\u1ea5t Hexaconazole \u0111\u01b0\u1ee3c \u0111\u0103ng k\u00fd c\u00f3 t\u00e1c d\u1ee5ng tr\u00ean c\u00e1c n\u1ea5m b\u1ec7nh lem l\u00e9p h\u1ea1t, kh\u00f4 v\u1eb1n, v\u00e0ng l\u00e1. n\u1ea5m h\u1ed3ng, gh\u1ec9 s\u1eaft, gh\u1ebb s\u1eb9o, &#8230;<br \/>\n\u01afu \u0111i\u1ec3m:<br \/>\n&#8211; T\u00e1c d\u1ee5ng s\u1ea1ch b\u1ec7nh v\u00e0 d\u01b0\u1ee1ng c\u00e2y n\u00ean ti\u1ebft ki\u1ec7m chi ph\u00ed.<br \/>\n&#8211; N\u00f4ng s\u1ea3n c\u00f3 m\u00e0u s\u1eafc \u0111\u1eb9p h\u01a1n.<\/p>\n<p><strong>H\u01af\u1edaNG D\u1eaaN S\u1eec D\u1ee4NG:<\/strong><br \/>\nLi\u1ec1u l\u01b0\u1ee3ng: 0.25%. Pha 50ml cho b\u00ecnh 25 l\u00edt n\u01b0\u1edbc<br \/>\nC\u00e1ch d\u00f9ng: L\u01b0\u1ee3ng n\u01b0\u1edbc phun 600 &#8211; 800 l\u00edt\/ha<br \/>\nTh\u1eddi \u0111i\u1ec3m phun: Phun thu\u1ed1c khi t\u1ef7 l\u1ec7 b\u1ec7nh kho\u1ea3ng 5%<\/p>\n<p><strong>Th\u1eddi gian c\u00e1ch ly:\u00a0<\/strong>7 ng\u00e0y<\/p>\n","protected":false},"excerpt":{"rendered":"<p><strong>HO\u1ea0T CH\u1ea4T:<\/strong><br \/>\nHexaconazole 50g\/<\/p>\n<p><strong>\u0110\u1eb6C T\u00cdNH &amp; C\u00d4NG D\u1ee4NG:<\/strong><br \/>\nS\u1ea3n ph\u1ea9m l\u00e0 thu\u1ed1c tr\u1eeb b\u1ec7nh ph\u1ed5 r\u1ed9ng, c\u00f3 hi\u1ec7u l\u1ef1c cao tr\u00ean nhi\u1ec1u lo\u1ea1i n\u1ea5m b\u1ec7nh. Thu\u1ed1c c\u00f3 \u0111\u1eb7c t\u00ednh ti\u1ebfp x\u00fac, th\u1ea5m s\u00e2u v\u00e0 l\u01b0u d\u1eabn v\u00e0o m\u00f4 c\u00e2y n\u00ean \u00edt b\u1ecb r\u1eeda tr\u00f4i. Hi\u1ec7u l\u1ef1c tr\u1eeb b\u1ec7nh nhanh, m\u1ea1nh v\u00e0 k\u00e9o d\u00e0i.<\/p>\n","protected":false},"featured_media":395,"comment_status":"open","ping_status":"closed","template":"","meta":[],"product_cat":[74,71],"product_tag":[80,99,98,79,94],"class_list":{"0":"post-394","1":"product","2":"type-product","3":"status-publish","4":"has-post-thumbnail","6":"product_cat-hoa-hoc","7":"product_cat-thuoc-tru-benh","8":"product_tag-hoa-nong-teva","9":"product_tag-hoanganhvil","10":"product_tag-hoanganhvil50sc","11":"product_tag-thuoc-hoa-hoc","12":"product_tag-thuoc-tru-benh","14":"first","15":"instock","16":"shipping-taxable","17":"product-type-simple","18":"add-to-wishlist-after_add_to_cart"},"_links":{"self":[{"href":"https:\/\/hoanongteva.com\/index.php?rest_route=\/wp\/v2\/product\/394","targetHints":{"allow":["GET"]}}],"collection":[{"href":"https:\/\/hoanongteva.com\/index.php?rest_route=\/wp\/v2\/product"}],"about":[{"href":"https:\/\/hoanongteva.com\/index.php?rest_route=\/wp\/v2\/types\/product"}],"replies":[{"embeddable":true,"href":"https:\/\/hoanongteva.com\/index.php?rest_route=%2Fwp%2Fv2%2Fcomments&post=394"}],"wp:featuredmedia":[{"embeddable":true,"href":"https:\/\/hoanongteva.com\/index.php?rest_route=\/wp\/v2\/media\/395"}],"wp:attachment":[{"href":"https:\/\/hoanongteva.com\/index.php?rest_route=%2Fwp%2Fv2%2Fmedia&parent=394"}],"wp:term":[{"taxonomy":"product_cat","embeddable":true,"href":"https:\/\/hoanongteva.com\/index.php?rest_route=%2Fwp%2Fv2%2Fproduct_cat&post=394"},{"taxonomy":"product_tag","embeddable":true,"href":"https:\/\/hoanongteva.com\/index.php?rest_route=%2Fwp%2Fv2%2Fproduct_tag&post=394"}],"curies":[{"name":"wp","href":"https:\/\/api.w.org\/{rel}","templated":true}]}}