{"id":400,"date":"2024-05-21T16:37:40","date_gmt":"2024-05-21T09:37:40","guid":{"rendered":"https:\/\/hoanongteva.com\/?post_type=product&#038;p=400"},"modified":"2026-03-25T15:21:56","modified_gmt":"2026-03-25T08:21:56","slug":"mancozed-xanh","status":"publish","type":"product","link":"https:\/\/hoanongteva.com\/?product=mancozed-xanh","title":{"rendered":"MANCOZED XANH"},"content":{"rendered":"<p>Kh\u00e1ng v\u00e0ng l\u00e1 do b\u1ea5t l\u1ee3i th\u1eddi ti\u1ebft, n\u1ea5m b\u1ec7nh s\u1ea3y ra \u1edf giai \u0111o\u1ea1n l\u00e0m \u0111\u00f2ng, nu\u00f4i h\u1ea1t.<\/p>\n<p>D\u01b0\u1ee1ng l\u00e1 \u0111\u00f2ng xanh l\u00e1, b\u00f3ng h\u1ea1t, b\u1ea3o v\u1ec7 l\u00e1 \u0111\u00f2ng, h\u1ea1n ch\u1ebf lem l\u00e9p h\u1ea1t.<\/p>\n","protected":false},"excerpt":{"rendered":"<p>K\u1ebdm (Zn) 15.000ppm<\/p>\n<p>S\u1eaft (Fe) 100ppm<\/p>\n<p>Mangan (Mn) 100 ppm<\/p>\n<p>\u0110\u1ed3ng (Cu) 100 ppm<\/p>\n<p>B\u1ed5 xung mancozeb v\u00e0 h\u00e0m l\u01b0\u1ee3ng kali cao v\u00e0 c\u00e1c ph\u1ee5 gia kh\u00e1c ph\u00f9 h\u1ee3p cho s\u1ea3n ph\u1ea9m.<\/p>\n","protected":false},"featured_media":401,"comment_status":"open","ping_status":"closed","template":"","meta":[],"product_cat":[74,73,71],"product_tag":[80,104,79,94,105],"class_list":{"0":"post-400","1":"product","2":"type-product","3":"status-publish","4":"has-post-thumbnail","6":"product_cat-hoa-hoc","7":"product_cat-phan-bon-la","8":"product_cat-thuoc-tru-benh","9":"product_tag-hoa-nong-teva","10":"product_tag-mancozeb-xanh","11":"product_tag-thuoc-hoa-hoc","12":"product_tag-thuoc-tru-benh","13":"product_tag-tp08","15":"first","16":"instock","17":"shipping-taxable","18":"product-type-simple","19":"add-to-wishlist-after_add_to_cart"},"_links":{"self":[{"href":"https:\/\/hoanongteva.com\/index.php?rest_route=\/wp\/v2\/product\/400","targetHints":{"allow":["GET"]}}],"collection":[{"href":"https:\/\/hoanongteva.com\/index.php?rest_route=\/wp\/v2\/product"}],"about":[{"href":"https:\/\/hoanongteva.com\/index.php?rest_route=\/wp\/v2\/types\/product"}],"replies":[{"embeddable":true,"href":"https:\/\/hoanongteva.com\/index.php?rest_route=%2Fwp%2Fv2%2Fcomments&post=400"}],"wp:featuredmedia":[{"embeddable":true,"href":"https:\/\/hoanongteva.com\/index.php?rest_route=\/wp\/v2\/media\/401"}],"wp:attachment":[{"href":"https:\/\/hoanongteva.com\/index.php?rest_route=%2Fwp%2Fv2%2Fmedia&parent=400"}],"wp:term":[{"taxonomy":"product_cat","embeddable":true,"href":"https:\/\/hoanongteva.com\/index.php?rest_route=%2Fwp%2Fv2%2Fproduct_cat&post=400"},{"taxonomy":"product_tag","embeddable":true,"href":"https:\/\/hoanongteva.com\/index.php?rest_route=%2Fwp%2Fv2%2Fproduct_tag&post=400"}],"curies":[{"name":"wp","href":"https:\/\/api.w.org\/{rel}","templated":true}]}}