{"id":403,"date":"2024-05-21T17:39:34","date_gmt":"2024-05-21T10:39:34","guid":{"rendered":"https:\/\/hoanongteva.com\/?post_type=product&#038;p=403"},"modified":"2026-04-15T15:37:08","modified_gmt":"2026-04-15T08:37:08","slug":"japoko-250sc","status":"publish","type":"product","link":"https:\/\/hoanongteva.com\/?product=japoko-250sc","title":{"rendered":"JAPOKO 250SC"},"content":{"rendered":"<p>&nbsp;<\/p>\n<p><strong>C\u00d4NG D\u1ee4NG:<br \/>\n<\/strong>H\u1ed7n h\u1ee3p ho\u1ea1t ch\u1ea5t Lambda \u2022 Cyhalothrin v\u00e0 Thiamethoxam t\u00e1c \u0111\u1ed9ng t\u01b0\u01a1ng h\u1ed7 ti\u00eau di\u1ec7t h\u1ea7u h\u1ebft c\u00e1c lo\u1ea1i s\u00e2u r\u1ea7y ch\u00edch h\u00fat v\u00e0 mi\u1ec7ng nhai v\u1edbi c\u01a1 ch\u1ebf ti\u1ebfp x\u00fac, v\u1ecb \u0111\u1ed9c, n\u1ed9i h\u1ea5p c\u1ef1c m\u1ea1nh. C\u00f3 hi\u1ec7u qu\u1ea3 cao, k\u00e9o d\u00e0i trong vi\u1ec7c ph\u00f2ng tr\u1eeb s\u00e2u h\u1ea1i tr\u00ean c\u00e2y tr\u1ed3ng. Thu\u1ed1c ph\u00f2ng tr\u1eeb hi\u1ec7u qu\u1ea3: r\u1ea7y xanh, r\u1ea7y ph\u1ea5n tr\u1eafng, r\u1ec7p s\u00e1p, b\u1ecd tr\u0129, b\u1ecd v\u00e0ng, b\u1ecd nh\u1ea3y, b\u1ecd x\u00edt mu\u1ed1i, b\u1ed9 v\u00f2i voi, r\u1ec7p v\u00e0y, r\u1ec7p mu\u1ed9i, r\u1ea7y th\u00e1nh gi\u00e1, s\u00e2u \u0111\u1ee5c tr\u00e1i, ru\u1ed3i v\u00e0ng&#8230; Thu\u1ed1c \u0111\u0103ng k\u00fd tr\u1eeb r\u1ea7y n\u00e2u h\u1ea1i l\u00faa.<\/p>\n<p><strong>H\u01af\u1edaNG D\u1eaaN S\u1eec D\u1ee4NG:<br \/>\n&#8211; Li\u1ec1u l\u01b0\u1ee3ng: 0.1 &#8211; 0.3 l\u00edt\/ha &#8211; L\u01b0\u1ee3ng thu\u1ed1c: Pha 10 &#8211; 15ml thu\u1ed1c, b\u00ecnh 20 &#8211; 25 l\u00edt n\u01b0\u1edbc. &#8211; Phun thu\u1ed1c khi r\u1ea7y c\u1ea3m ra r\u1ed9. &#8211; Th\u1eddi gian c\u00e1ch ly: 14 ng\u00e0y<\/strong><\/p>\n","protected":false},"excerpt":{"rendered":"<p><strong>TH\u00c0NH PH\u1ea6N:<br \/>\n<\/strong>lambda-Glalothrin 100g<br \/>\nThiamethoxam 140g\/1<br \/>\nAdditives 750g\/1<\/p>\n<p><strong>THU\u1ed0C TR\u1eea S\u00c2U YAPOKO 250SC \u0110\u1eb7c tr\u1ecb r\u1ea7y xanh, r\u1ea7y ph\u1ea5n tr\u1eafng, r\u1ec7p s\u00e1p, b\u1ecd tr\u0129, b\u1ecd v\u00e0ng, b\u1ecd nh\u1ea3y, b\u1ecd x\u00edt mu\u1ed1i, b\u1ed9 v\u00f2i voi, r\u1ec7p v\u00e0y, r\u1ec7p mu\u1ed9i, r\u1ea7y th\u00e1nh gi\u00e1, s\u00e2u \u0111\u1ee5c tr\u00e1i, ru\u1ed3i v\u00e0ng&#8230;<\/strong><\/p>\n<p>&nbsp;<\/p>\n","protected":false},"featured_media":404,"comment_status":"open","ping_status":"closed","template":"","meta":[],"product_cat":[74,70],"product_tag":[80,79,78,106,107],"class_list":{"0":"post-403","1":"product","2":"type-product","3":"status-publish","4":"has-post-thumbnail","6":"product_cat-hoa-hoc","7":"product_cat-thuoc-tru-sau","8":"product_tag-hoa-nong-teva","9":"product_tag-thuoc-hoa-hoc","10":"product_tag-thuoc-tru-sau","11":"product_tag-yapoko","12":"product_tag-yapoko250sc","14":"first","15":"instock","16":"shipping-taxable","17":"product-type-simple","18":"add-to-wishlist-after_add_to_cart"},"_links":{"self":[{"href":"https:\/\/hoanongteva.com\/index.php?rest_route=\/wp\/v2\/product\/403","targetHints":{"allow":["GET"]}}],"collection":[{"href":"https:\/\/hoanongteva.com\/index.php?rest_route=\/wp\/v2\/product"}],"about":[{"href":"https:\/\/hoanongteva.com\/index.php?rest_route=\/wp\/v2\/types\/product"}],"replies":[{"embeddable":true,"href":"https:\/\/hoanongteva.com\/index.php?rest_route=%2Fwp%2Fv2%2Fcomments&post=403"}],"wp:featuredmedia":[{"embeddable":true,"href":"https:\/\/hoanongteva.com\/index.php?rest_route=\/wp\/v2\/media\/404"}],"wp:attachment":[{"href":"https:\/\/hoanongteva.com\/index.php?rest_route=%2Fwp%2Fv2%2Fmedia&parent=403"}],"wp:term":[{"taxonomy":"product_cat","embeddable":true,"href":"https:\/\/hoanongteva.com\/index.php?rest_route=%2Fwp%2Fv2%2Fproduct_cat&post=403"},{"taxonomy":"product_tag","embeddable":true,"href":"https:\/\/hoanongteva.com\/index.php?rest_route=%2Fwp%2Fv2%2Fproduct_tag&post=403"}],"curies":[{"name":"wp","href":"https:\/\/api.w.org\/{rel}","templated":true}]}}