{"id":406,"date":"2024-05-21T19:54:29","date_gmt":"2024-05-21T12:54:29","guid":{"rendered":"https:\/\/hoanongteva.com\/?post_type=product&#038;p=406"},"modified":"2026-04-15T15:36:22","modified_gmt":"2026-04-15T08:36:22","slug":"batot200sl","status":"publish","type":"product","link":"https:\/\/hoanongteva.com\/?product=batot200sl","title":{"rendered":"BATOT200SL"},"content":{"rendered":"<div><\/div>\n<div><strong>AN TO\u00c0N &#8211; HI\u1ec6U QU\u1ea2- CH\u1ea4T L\u01af\u1ee2NG<\/strong><\/div>\n<div>S\u1ea3n ph\u1ea9m l\u00e0 thu\u1ed1c c\u1ecf kh\u00f4ng ch\u1ecdn l\u1ecdc, h\u1eadu n\u1ea9y m\u1ea7m, c\u00f3 t\u00e1c \u0111\u1ed9ng ti\u1ebfp x\u00fac h\u1ea5p thu qua l\u00e1 v\u00e0 c\u00e1c ph\u1ea7n xanh, di\u1ec7t \u0111\u01b0\u1ee3c h\u1ea7u h\u1ebft c\u00e1c lo\u1ea1i c\u1ecf: C\u1ecf tranh, c\u1ecf l\u1ed3ng v\u1ef1c, c\u1ecf t\u00fac, c\u1ecf m\u1ea7m tr\u1ea7u, c\u1ecf b\u00f4ng lau, rau sam, m\u1eafc c\u1edf.<\/div>\n<div><strong>H\u01af\u1edaNG D\u1eaaN S\u1eec D\u1ee4NG<\/strong><\/div>\n<div>\n<table border=\"1\" cellspacing=\"0\" cellpadding=\"0\">\n<tbody>\n<tr>\n<td><strong>C\u00c2Y TR\u1ed2NG<\/strong><\/td>\n<td><strong>SINH V\u1eacT G\u00c2Y H\u1ea0I<\/strong><\/td>\n<td><strong>LI\u1ec0U L\u01af\u1ee2NG<\/strong><\/td>\n<\/tr>\n<tr>\n<td>C\u00e0 ph\u00ea<\/td>\n<td>\u00a0C\u1ecf d\u1ea1i<\/td>\n<td>2.5 l\u00edt\/ha<\/td>\n<\/tr>\n<\/tbody>\n<\/table>\n<p>L\u01b0\u1ee3ng n\u01b0\u1edbc: 4 l\u00edt\/ha. Phun khi c\u1ecf \u0111ang ph\u00e1t tri\u1ec3n m\u1ea1nh. C\u1ecf th\u1ea5p h\u01a1n 20 cm: Pha 150ml\/b\u00ecnh 20 l\u00edt n\u01b0\u1edbc. C\u1ecf cao h\u01a1n 20 cm: Pha 200ml\/b\u00ecnh 20 l\u00edt n\u01b0\u1edbc.Phun 2 b\u00ecnh cho 1.000 m2. N\u1ebfu m\u1eadt \u0111\u1ed9 c\u1ecf d\u1ea7y v\u00e0 l\u1edbn, phun 3 b\u00ecnh cho 1.000 m2.<\/p><\/div>\n<div>* L\u01b0u \u00fd khi phun thu\u1ed1c c\u1ecf \u0111\u1ec3 \u0111\u1ea1t hi\u1ec7u qu\u1ea3 cao: Ph\u1ea3i s\u1eed d\u1ee5ng n\u01b0\u1edbc s\u1ea1ch \u0111\u1ec3 pha thu\u1ed1c. Phun thu\u1ed1c khi c\u1ecf \u0111ang ph\u00e1t tri\u1ec3n. Phun thu\u1ed1c v\u00e0o l\u00fac s\u00e1ng s\u1edbm ho\u1eb7c l\u00fac tr\u1eddi m\u00e1t.<\/div>\n<div>&#8211; D\u00f9ng ph\u1ec5u \u0111\u1ec3 ph\u00e2n \u0111\u1ecbnh h\u01b0\u1edbng v\u00e0o ph\u00ed quanh g\u1ed1c b\u1eafp( ng\u00f4 ), phun \u01b0\u1edbt \u0111\u1ec1u t\u00e1n l\u00e1 c\u1ecf v\u00e0 c\u00e1c ph\u1ea7n m\u00e0u xanh c\u1ee7a c\u1ecf. tuy\u1ec7t \u0111\u1ed1i kh\u00f4ng \u0111\u1ec3 thu\u1ed1c\u00a0ch\u1ea1m v\u00e0o c\u00e2y b\u1eafp ( ng\u00f4 ) v\u00e0 c\u00e1c c\u00e2y tr\u1ed3ng kh\u00e1c.<\/div>\n<div>&#8211; Kh\u00f4ng phun khi th\u1eddi ti\u1ebft b\u1ea5t l\u1ee3i ho\u1eb7c tr\u1eddi m\u01b0a.<\/div>\n<div>&#8211; Th\u1eddi gian c\u00e1ch ly: kh\u00f4ng x\u00e1c \u0111\u1ecbnh.<\/div>\n","protected":false},"excerpt":{"rendered":"<div>Ho\u1ea1t ch\u1ea5t:Glufosinate ammonium: 200g\/l\u00edt<\/div>\n<div>Special additives v\u1eeba \u0111\u1ee7&#8230;.1 l\u00edt.<\/div>\n<div>Gi\u1ea3i ph\u00e1p ho\u00e0n h\u1ea3o h\u00e0m l\u01b0\u1ee3ng c\u1ef1c m\u1ea1nh di\u1ec7t c\u1ecf t\u00e2n g\u1ed1c.<\/div>\n<div><\/div>\n","protected":false},"featured_media":407,"comment_status":"open","ping_status":"closed","template":"","meta":[],"product_cat":[74,72],"product_tag":[110,109,80,111,79,108],"class_list":{"0":"post-406","1":"product","2":"type-product","3":"status-publish","4":"has-post-thumbnail","6":"product_cat-hoa-hoc","7":"product_cat-thuoc-tru-co","8":"product_tag-baotot200sl","9":"product_tag-co-luu-dan","10":"product_tag-hoa-nong-teva","11":"product_tag-nuoc-mau-do","12":"product_tag-thuoc-hoa-hoc","13":"product_tag-thuoc-tru-co","15":"first","16":"instock","17":"shipping-taxable","18":"product-type-simple","19":"add-to-wishlist-after_add_to_cart"},"_links":{"self":[{"href":"https:\/\/hoanongteva.com\/index.php?rest_route=\/wp\/v2\/product\/406","targetHints":{"allow":["GET"]}}],"collection":[{"href":"https:\/\/hoanongteva.com\/index.php?rest_route=\/wp\/v2\/product"}],"about":[{"href":"https:\/\/hoanongteva.com\/index.php?rest_route=\/wp\/v2\/types\/product"}],"replies":[{"embeddable":true,"href":"https:\/\/hoanongteva.com\/index.php?rest_route=%2Fwp%2Fv2%2Fcomments&post=406"}],"wp:featuredmedia":[{"embeddable":true,"href":"https:\/\/hoanongteva.com\/index.php?rest_route=\/wp\/v2\/media\/407"}],"wp:attachment":[{"href":"https:\/\/hoanongteva.com\/index.php?rest_route=%2Fwp%2Fv2%2Fmedia&parent=406"}],"wp:term":[{"taxonomy":"product_cat","embeddable":true,"href":"https:\/\/hoanongteva.com\/index.php?rest_route=%2Fwp%2Fv2%2Fproduct_cat&post=406"},{"taxonomy":"product_tag","embeddable":true,"href":"https:\/\/hoanongteva.com\/index.php?rest_route=%2Fwp%2Fv2%2Fproduct_tag&post=406"}],"curies":[{"name":"wp","href":"https:\/\/api.w.org\/{rel}","templated":true}]}}