{"id":409,"date":"2024-05-21T20:01:23","date_gmt":"2024-05-21T13:01:23","guid":{"rendered":"https:\/\/hoanongteva.com\/?post_type=product&#038;p=409"},"modified":"2026-03-23T06:25:55","modified_gmt":"2026-03-22T23:25:55","slug":"ie-max150ec","status":"publish","type":"product","link":"https:\/\/hoanongteva.com\/?product=ie-max150ec","title":{"rendered":"IE-MAX150EC"},"content":{"rendered":"<p>&nbsp;<\/p>\n<h2><span id=\"CONG_DUNG\" class=\"ez-toc-section\"><\/span><strong>C\u00d4NG D\u1ee4NG<\/strong><\/h2>\n<p><strong>IE \u2013 MAX 150 EC<\/strong>\u00a0l\u00e0 s\u1ea3n ph\u1ea9m thu\u1ed1c tr\u1eeb s\u00e2u c\u00f3 s\u1ef1 k\u1ebft h\u1ee3p ho\u00e0n h\u1ea3o c\u1ee7a hai ho\u1ea1t ch\u1ea5t tr\u1eeb s\u00e2u h\u00e0ng \u0111\u1ea7u hi\u1ec7n nay.<\/p>\n<p>Thu\u1ed1c c\u00f3 t\u00e1c d\u1ee5ng ti\u1ebfp x\u00fac, v\u1ecb \u0111\u1ed9c c\u1ef1c m\u1ea1nh n\u00ean hi\u1ec7u qu\u1ea3 tr\u1eeb s\u00e2u cao, ti\u00eau di\u1ec7t nhanh, m\u1ea1nh \u0111\u1ed1i v\u1edbi c\u00e1c lo\u1ea1i s\u00e2u kh\u00e1ng thu\u1ed1c.<\/p>\n<p><strong>IE \u2013 MAX 150EC<\/strong>\u00a0\u0111\u01b0\u1ee3c \u0111\u0103ng k\u00fd tr\u1eeb\u00a0<a href=\"https:\/\/vietnamnongnghiepsach.com.vn\/product\/emasuper-1-9ec-thuoc-tru-sau-cuon-la-ray-xanh-sau-ve-bua-sau-to-nhen-do-bo-tri-chai-450ml-a1\/\">s\u00e2u cu\u1ed1n l\u00e1<\/a>\u00a0tr\u00ean l\u00faa<\/p>\n<h2><strong>H\u01af\u1edaNG D\u1eaaN S\u1eec D\u1ee4NG<\/strong><\/h2>\n<p><strong>LI\u1ec0U L\u01af\u1ee2NG S\u1eec D\u1ee4NG<\/strong>: 0.2 \u2013 0.25 l\u00edt\/ha. Pha 10ml\/ b\u00ecnh 25 l\u00edt n\u01b0\u1edbc.<\/p>\n<p><strong>L\u01af\u1ee2NG N\u01af\u1edaC PHUN<\/strong>: 400 \u2013 500 l\u00edt\/ha<\/p>\n<p><strong>TH\u1edcI \u0110I\u1ec2M S\u1eec D\u1ee4NG:<\/strong>\u00a0Phun thu\u1ed1c khi s\u00e2u tu\u1ed5i 1 \u2013 2<\/p>\n<p><strong>TH\u1edcI GIAN C\u00c1CH LY<\/strong>: 14 ng\u00e0y sau khi phun<\/p>\n","protected":false},"excerpt":{"rendered":"<h2><strong>TH\u00c0NH PH\u1ea6N<\/strong><\/h2>\n<p>Indoxacarb: 100 g\/l<\/p>\n<p>Emamectin benzoate: 50 g\/l<\/p>\n","protected":false},"featured_media":410,"comment_status":"open","ping_status":"closed","template":"","meta":[],"product_cat":[75,70],"product_tag":[80,112,79,87,78],"class_list":{"0":"post-409","1":"product","2":"type-product","3":"status-publish","4":"has-post-thumbnail","6":"product_cat-sinh-hoc","7":"product_cat-thuoc-tru-sau","8":"product_tag-hoa-nong-teva","9":"product_tag-ie-max150ec","10":"product_tag-thuoc-hoa-hoc","11":"product_tag-thuoc-sinh-hoc","12":"product_tag-thuoc-tru-sau","14":"first","15":"instock","16":"shipping-taxable","17":"product-type-simple","18":"add-to-wishlist-after_add_to_cart"},"_links":{"self":[{"href":"https:\/\/hoanongteva.com\/index.php?rest_route=\/wp\/v2\/product\/409","targetHints":{"allow":["GET"]}}],"collection":[{"href":"https:\/\/hoanongteva.com\/index.php?rest_route=\/wp\/v2\/product"}],"about":[{"href":"https:\/\/hoanongteva.com\/index.php?rest_route=\/wp\/v2\/types\/product"}],"replies":[{"embeddable":true,"href":"https:\/\/hoanongteva.com\/index.php?rest_route=%2Fwp%2Fv2%2Fcomments&post=409"}],"wp:featuredmedia":[{"embeddable":true,"href":"https:\/\/hoanongteva.com\/index.php?rest_route=\/wp\/v2\/media\/410"}],"wp:attachment":[{"href":"https:\/\/hoanongteva.com\/index.php?rest_route=%2Fwp%2Fv2%2Fmedia&parent=409"}],"wp:term":[{"taxonomy":"product_cat","embeddable":true,"href":"https:\/\/hoanongteva.com\/index.php?rest_route=%2Fwp%2Fv2%2Fproduct_cat&post=409"},{"taxonomy":"product_tag","embeddable":true,"href":"https:\/\/hoanongteva.com\/index.php?rest_route=%2Fwp%2Fv2%2Fproduct_tag&post=409"}],"curies":[{"name":"wp","href":"https:\/\/api.w.org\/{rel}","templated":true}]}}