{"id":415,"date":"2024-05-21T20:09:57","date_gmt":"2024-05-21T13:09:57","guid":{"rendered":"https:\/\/hoanongteva.com\/?post_type=product&#038;p=415"},"modified":"2026-04-27T06:02:12","modified_gmt":"2026-04-26T23:02:12","slug":"king-cide-japan-460sc","status":"publish","type":"product","link":"https:\/\/hoanongteva.com\/?product=king-cide-japan-460sc","title":{"rendered":"KING-CIDE JAPAN 460SC"},"content":{"rendered":"<ul>\n<li><strong>Th\u00e0nh ph\u1ea7n:<\/strong>\u00a0Azoxytrobin 200g\/l + Tricyclazol 220g\/l + Hexaconazole 40g\/l.<\/li>\n<li><strong>C\u00f4ng d\u1ee5ng:<\/strong>\u00a0L\u00e0 thu\u1ed1c tr\u1eeb b\u1ec7nh c\u00f3 t\u00e1c \u0111\u1ed9ng n\u1ed9i h\u1ea5p v\u00e0 l\u01b0u d\u1eabn, ph\u1ed5 t\u00e1c \u0111\u1ed9ng r\u1ed9ng \u2013 ph\u00f2ng tr\u1eeb nhi\u1ec1u b\u1ec7nh h\u1ea1i do n\u1ea5m g\u00e2y ra nh\u01b0 Th\u00e1n th\u01b0, ph\u1ea5n tr\u1eafng tr\u00ean rau m\u1ea7u, hoa; Th\u00e1n th\u01b0, th\u1ed1i tr\u00e1i tr\u00ean c\u00e2y \u0103n tr\u00e1i, c\u00e2n c\u00f4ng nghi\u1ec7p; \u0110\u1ea1o \u00f4n, kh\u00f4 v\u1eb1n, \u0111en l\u00e9p h\u1ea1t tr\u00ean l\u00faa.<\/li>\n<li><strong>H\u01b0\u1edbng d\u1eabn s\u1eed d\u1ee5ng:<\/strong>\u00a0Pha 20ml\/ b\u00ecnh 25 l\u00edt n\u01b0\u1edbc. Phun 400-500 l\u00edt\/ha<\/li>\n<\/ul>\n","protected":false},"excerpt":{"rendered":"<ul>\n<li><strong>Th\u00e0nh ph\u1ea7n:<\/strong> Azoxytrobin 200g\/l<\/li>\n<li>Tricyclazol 220g\/l<\/li>\n<li>Hexaconazole 40g\/l.<\/li>\n<\/ul>\n","protected":false},"featured_media":416,"comment_status":"open","ping_status":"closed","template":"","meta":[],"product_cat":[74,71],"product_tag":[80,115,87,94],"class_list":{"0":"post-415","1":"product","2":"type-product","3":"status-publish","4":"has-post-thumbnail","6":"product_cat-hoa-hoc","7":"product_cat-thuoc-tru-benh","8":"product_tag-hoa-nong-teva","9":"product_tag-king-cide-japan-460sc","10":"product_tag-thuoc-sinh-hoc","11":"product_tag-thuoc-tru-benh","13":"first","14":"instock","15":"shipping-taxable","16":"product-type-simple","17":"add-to-wishlist-after_add_to_cart"},"_links":{"self":[{"href":"https:\/\/hoanongteva.com\/index.php?rest_route=\/wp\/v2\/product\/415","targetHints":{"allow":["GET"]}}],"collection":[{"href":"https:\/\/hoanongteva.com\/index.php?rest_route=\/wp\/v2\/product"}],"about":[{"href":"https:\/\/hoanongteva.com\/index.php?rest_route=\/wp\/v2\/types\/product"}],"replies":[{"embeddable":true,"href":"https:\/\/hoanongteva.com\/index.php?rest_route=%2Fwp%2Fv2%2Fcomments&post=415"}],"wp:featuredmedia":[{"embeddable":true,"href":"https:\/\/hoanongteva.com\/index.php?rest_route=\/wp\/v2\/media\/416"}],"wp:attachment":[{"href":"https:\/\/hoanongteva.com\/index.php?rest_route=%2Fwp%2Fv2%2Fmedia&parent=415"}],"wp:term":[{"taxonomy":"product_cat","embeddable":true,"href":"https:\/\/hoanongteva.com\/index.php?rest_route=%2Fwp%2Fv2%2Fproduct_cat&post=415"},{"taxonomy":"product_tag","embeddable":true,"href":"https:\/\/hoanongteva.com\/index.php?rest_route=%2Fwp%2Fv2%2Fproduct_tag&post=415"}],"curies":[{"name":"wp","href":"https:\/\/api.w.org\/{rel}","templated":true}]}}