{"id":418,"date":"2024-05-21T20:13:33","date_gmt":"2024-05-21T13:13:33","guid":{"rendered":"https:\/\/hoanongteva.com\/?post_type=product&#038;p=418"},"modified":"2026-04-29T12:14:02","modified_gmt":"2026-04-29T05:14:02","slug":"bisector-500ec","status":"publish","type":"product","link":"https:\/\/hoanongteva.com\/?product=bisector-500ec","title":{"rendered":"BISECTOR 500EC"},"content":{"rendered":"<p style=\"font-weight: 400;\"><u><b><strong>Th\u00e0nh ph\u1ea7n:<\/strong><\/b><\/u>\u00a0 \u00a0<b><strong>Dimethoate\u00a0<\/strong><\/b><b><strong>: 400g\/l; Fenobucarb : 100g\/l<\/strong><\/b><\/p>\n<p style=\"font-weight: 400;\"><u><b><strong>C\u00f4ng d\u1ee5ng:<\/strong><\/b><\/u><\/p>\n<p style=\"font-weight: 400;\">BISECTOR 500EC\u00a0 l\u00e0 thu\u1ed1c tr\u1eeb s\u00e2u thu\u1ed9c nh\u00f3m l\u00e2n h\u1eefu c\u01a1, thu\u1ed1c t\u00e1c \u0111\u1ed9ng ti\u1ebfp x\u00fac, v\u1ecb \u0111\u1ed9c v\u00e0 kh\u1ea3 n\u0103ng n\u1ed9i h\u1ea5p m\u1ea1nh, ph\u00f2ng tr\u1eeb hi\u1ec7u qu\u1ea3 \u0111\u1ed1i v\u1edbi c\u00e1c lo\u00e0i ch\u00edch h\u00fat nh\u01b0: r\u1ea7y n\u00e2u h\u1ea1i l\u00faa, r\u1ec7p s\u00e1p h\u1ea1i c\u00e0 ph\u00ea.<\/p>\n<p style=\"font-weight: 400;\">\n<p style=\"font-weight: 400;\"><u><b><strong>H\u01b0\u1edbng d\u1eabn s\u1eed d\u1ee5ng :<\/strong><\/b><\/u><\/p>\n<p style=\"font-weight: 400;\">\n<table style=\"font-weight: 400;\">\n<tbody>\n<tr>\n<td width=\"103\"><em><b><strong>C\u00e2y tr\u1ed3ng<\/strong><\/b><\/em><\/td>\n<td width=\"96\"><em><b><strong>S\u00e2u h\u1ea1i<\/strong><\/b><\/em><\/td>\n<td width=\"439\"><b><strong>Li\u1ec1u l\u01b0\u1ee3ng<\/strong><\/b><\/p>\n<p>&nbsp;<\/td>\n<\/tr>\n<tr>\n<td width=\"103\">&nbsp;<\/p>\n<p><em><b><strong>\u00a0<\/strong><\/b><\/em><\/p>\n<p><em><b><strong>\u00a0\u00a0l\u00faa<\/strong><\/b><\/em><\/td>\n<td width=\"96\">&nbsp;<\/p>\n<p><em><b><strong>\u00a0\u00a0<\/strong><\/b><\/em><\/p>\n<p><em><b><strong>R\u1ea7y n\u00e2u<\/strong><\/b><\/em><\/td>\n<td width=\"439\"><b><strong>\u00a0\u00a01.5 l\u00edt\/ha<\/strong><\/b><\/p>\n<p><b><strong>Pha 60ml \/b\u00ecnh 20 l\u00edt n\u01b0\u1edbc, phun 2,5 b\u00ecnh \/ 1000m<sup>2<\/sup>,<\/strong><\/b><\/p>\n<p><b><strong>Phun \u01b0\u1edbt \u0111\u1ec1u t\u00e1n l\u00e1.<\/strong><\/b><\/p>\n<p><b><strong>\u0110\u1ed1i v\u1edbi phuy 200 l\u00edt n\u01b0\u1edbc: Pha 750ml\/ 5000m<sup>2<\/sup>, phun 2 phuy\/ha.<\/strong><\/b><\/p>\n<p><b><strong>L\u01b0\u1ee3ng n\u01b0\u1edbc phun 400 l\u00edt\/ha.<\/strong><\/b><\/p>\n<p><b><strong>Phun thu\u1ed1c khi r\u1ea7y tu\u1ed5i 1- 2<\/strong><\/b><\/td>\n<\/tr>\n<tr>\n<td width=\"103\"><b><strong>C\u00e0 ph\u00ea<\/strong><\/b><\/td>\n<td width=\"96\"><b><strong>R\u1ec7p s\u00e1p<\/strong><\/b><\/td>\n<td width=\"439\"><b><strong>0.3 &#8211; 0.4%<\/strong><\/b><\/p>\n<p><b><strong>Pha 60ml \/b\u00ecnh 20 l\u00edt n\u01b0\u1edbc, phun 2,5 b\u00ecnh \/ 1000m<sup>2<\/sup>.<\/strong><\/b><\/p>\n<p><b><strong>\u0110\u1ed1i v\u1edbi phuy 200 l\u00edt n\u01b0\u1edbc: Pha 750ml\/ 5000m<sup>2<\/sup><\/strong><\/b><\/p>\n<p><b><strong>Phun \u01b0\u1edbt \u0111\u1ec1u c\u00e2y tr\u1ed3ng khi r\u1ec7p<\/strong><\/b><\/p>\n<p><b><strong>kho\u1ea3ng 3 &#8211; 5 con\/ ch\u00f9m qu\u1ea3.<\/strong><\/b><\/td>\n<\/tr>\n<\/tbody>\n<\/table>\n<p style=\"font-weight: 400;\">&#8211; L\u01b0\u1ee3ng n\u01b0\u1edbc phun 400 &#8211; 600 l\u00edt\/ha<\/p>\n<p style=\"font-weight: 400;\"><u><b><strong>L\u01afU \u00dd:<\/strong><\/b><\/u><\/p>\n<p style=\"font-weight: 400;\">&#8211; Phun k\u1ef9, \u01b0\u1edbt \u0111\u1ec1u c\u00e2y tr\u1ed3ng.<\/p>\n<p style=\"font-weight: 400;\">&#8211; N\u00ean phun thu\u1ed1c v\u00e0o s\u00e1ng s\u1edbm ho\u1eb7c chi\u1ec1u m\u00e1t, phun thu\u1ed1c khi s\u00e2u h\u1ea1i m\u1edbi ch\u1edbm ph\u00e1t sinh.<\/p>\n<p style=\"font-weight: 400;\">&#8211;\u00a0<u><b><strong>TH\u1edcI GIAN C\u00c1CH LY:<\/strong><\/b><\/u>\u00a0Ng\u01b0ng phun thu\u1ed1c tr\u01b0\u1edbc khi thu ho\u1ea1ch 14 ng\u00e0y.<\/p>\n","protected":false},"excerpt":{"rendered":"<p>Thu\u1ed1c tr\u1eeb s\u00e2u thu\u1ed9c nh\u00f3m l\u00e2n h\u1eefu c\u01a1 , Thu\u1ed1c c\u00f3 t\u00e1c \u0111\u1ed9ng ti\u1ebfp x\u00fac, v\u1ecb \u0111\u1ed9c v\u00e0 kh\u1ea3 n\u0103ng n\u1ed9i h\u1ea5p m\u1ea1nh n\u00ean ph\u00f2ng tr\u1eeb hi\u1ec7u qu\u1ea3 \u0111\u1ed1i v\u1edbi c\u00e1c lo\u00e0i ch\u00edch h\u00fat nh\u01b0 r\u1ec7p, nh\u1ec7n \u0111\u1ecf, b\u1ecd tr\u0129, b\u1ecd x\u00edt r\u1ea7y xanh, s\u00e2u v\u1ebd b\u00f9a, \u2026 tr\u00ean nhi\u1ec1u lo\u1ea1i c\u00e2y tr\u1ed3ng<\/p>\n","protected":false},"featured_media":419,"comment_status":"open","ping_status":"closed","template":"","meta":[],"product_cat":[74,70],"product_tag":[116,80,79,78],"class_list":{"0":"post-418","1":"product","2":"type-product","3":"status-publish","4":"has-post-thumbnail","6":"product_cat-hoa-hoc","7":"product_cat-thuoc-tru-sau","8":"product_tag-bisector-500ec","9":"product_tag-hoa-nong-teva","10":"product_tag-thuoc-hoa-hoc","11":"product_tag-thuoc-tru-sau","13":"first","14":"instock","15":"shipping-taxable","16":"product-type-simple","17":"add-to-wishlist-after_add_to_cart"},"_links":{"self":[{"href":"https:\/\/hoanongteva.com\/index.php?rest_route=\/wp\/v2\/product\/418","targetHints":{"allow":["GET"]}}],"collection":[{"href":"https:\/\/hoanongteva.com\/index.php?rest_route=\/wp\/v2\/product"}],"about":[{"href":"https:\/\/hoanongteva.com\/index.php?rest_route=\/wp\/v2\/types\/product"}],"replies":[{"embeddable":true,"href":"https:\/\/hoanongteva.com\/index.php?rest_route=%2Fwp%2Fv2%2Fcomments&post=418"}],"wp:featuredmedia":[{"embeddable":true,"href":"https:\/\/hoanongteva.com\/index.php?rest_route=\/wp\/v2\/media\/419"}],"wp:attachment":[{"href":"https:\/\/hoanongteva.com\/index.php?rest_route=%2Fwp%2Fv2%2Fmedia&parent=418"}],"wp:term":[{"taxonomy":"product_cat","embeddable":true,"href":"https:\/\/hoanongteva.com\/index.php?rest_route=%2Fwp%2Fv2%2Fproduct_cat&post=418"},{"taxonomy":"product_tag","embeddable":true,"href":"https:\/\/hoanongteva.com\/index.php?rest_route=%2Fwp%2Fv2%2Fproduct_tag&post=418"}],"curies":[{"name":"wp","href":"https:\/\/api.w.org\/{rel}","templated":true}]}}