{"id":424,"date":"2024-05-21T20:22:08","date_gmt":"2024-05-21T13:22:08","guid":{"rendered":"https:\/\/hoanongteva.com\/?post_type=product&#038;p=424"},"modified":"2026-05-05T18:45:30","modified_gmt":"2026-05-05T11:45:30","slug":"mistop-350sc","status":"publish","type":"product","link":"https:\/\/hoanongteva.com\/?product=mistop-350sc","title":{"rendered":"MISTOP 350SC"},"content":{"rendered":"<ul>\n<li>Ng\u0103n ch\u1eb7n n\u1ea5m b\u1ec7nh x\u00e2m chi\u1ebfm<\/li>\n<li>\u1ee8c ch\u1ebf t\u1ed5ng h\u1ee3p Ergosterol tri\u1ec7t ti\u00eau n\u1ea5m b\u1ec7nh t\u1eeb b\u00ean trong. MISTOP 350SC l\u00e0 thu\u1ed1c tr\u1eeb b\u1ec7nh n\u1ed9i h\u1ea5p v\u00e0 l\u01b0u d\u1eabn m\u1ea1nh, v\u1edbi t\u00e1c \u0111\u1ed9ng c\u1ed9ng h\u01b0\u1edfng ho\u00e0n h\u1ea3o gi\u1eefa 2 ho\u1ea1t ch\u1ea5t tr\u1eeb b\u1ec7nh ti\u00ean ti\u1ebfn nh\u1ea5t hi\u1ec7n nay ph\u00f9 h\u1ee3p \u0111\u1ec3 ki\u1ec3m so\u00e1t. Gi\u00fap ph\u00f2ng tr\u1eeb nhi\u1ec1u b\u1ec7nh h\u1ea1i quan tr\u1ecdng tr\u00ean ru\u1ed9ng l\u00faa v\u00e0 c\u00e1c lo\u1ea1i c\u00e2y \u0103n tr\u00e1i.<br \/>\nMISTOP 350SC \u0111\u01b0\u1ee3c \u0111\u0103ng k\u00fd tr\u1eeb b\u1ec7nh lem l\u00e9p h\u1ea1t tr\u00ean l\u00faa.<\/li>\n<\/ul>\n<p><strong>H\u01af\u1edaNG D\u1eaaN S\u1eec D\u1ee4NG<\/strong><\/p>\n<p>Sinh v\u1eadt g\u00e2y h\u1ea1i: lem l\u00e9p h\u1ea1t<\/p>\n<p>Li\u1ec1u l\u01b0\u1ee3ng: 0.25-0.3 L\u00edt\/ha<\/p>\n<p>C\u00e1ch d\u00f9ng: l\u01b0\u1ee3ng n\u01b0\u1edbc phun 400-500 l\u00edt\/ha. Phun thu\u1ed1c khi l\u00faa chu\u1ea9n b\u1ecb tr\u1ed5 v\u00e0 khi l\u00faa tr\u1ed5 \u0111\u1ec1u.<\/p>\n<p>Th\u1eddi gian c\u00e1ch ly: 7 ng\u00e0y<\/p>\n","protected":false},"excerpt":{"rendered":"<p><strong>Th\u00e0nh ph\u1ea7n<\/strong>:<br \/>\nAzoxystrobin 200g\/l<br \/>\nDifenoconazole 150 g\/l<\/p>\n<p><strong>\u0110\u1eb7c tr\u1ecb<\/strong>: Lem l\u00e9p h\u1ea1t<\/p>\n","protected":false},"featured_media":425,"comment_status":"open","ping_status":"closed","template":"","meta":[],"product_cat":[74,71],"product_tag":[80,118,79,94],"class_list":{"0":"post-424","1":"product","2":"type-product","3":"status-publish","4":"has-post-thumbnail","6":"product_cat-hoa-hoc","7":"product_cat-thuoc-tru-benh","8":"product_tag-hoa-nong-teva","9":"product_tag-mistop-350sc","10":"product_tag-thuoc-hoa-hoc","11":"product_tag-thuoc-tru-benh","13":"first","14":"instock","15":"shipping-taxable","16":"product-type-simple","17":"add-to-wishlist-after_add_to_cart"},"_links":{"self":[{"href":"https:\/\/hoanongteva.com\/index.php?rest_route=\/wp\/v2\/product\/424","targetHints":{"allow":["GET"]}}],"collection":[{"href":"https:\/\/hoanongteva.com\/index.php?rest_route=\/wp\/v2\/product"}],"about":[{"href":"https:\/\/hoanongteva.com\/index.php?rest_route=\/wp\/v2\/types\/product"}],"replies":[{"embeddable":true,"href":"https:\/\/hoanongteva.com\/index.php?rest_route=%2Fwp%2Fv2%2Fcomments&post=424"}],"wp:featuredmedia":[{"embeddable":true,"href":"https:\/\/hoanongteva.com\/index.php?rest_route=\/wp\/v2\/media\/425"}],"wp:attachment":[{"href":"https:\/\/hoanongteva.com\/index.php?rest_route=%2Fwp%2Fv2%2Fmedia&parent=424"}],"wp:term":[{"taxonomy":"product_cat","embeddable":true,"href":"https:\/\/hoanongteva.com\/index.php?rest_route=%2Fwp%2Fv2%2Fproduct_cat&post=424"},{"taxonomy":"product_tag","embeddable":true,"href":"https:\/\/hoanongteva.com\/index.php?rest_route=%2Fwp%2Fv2%2Fproduct_tag&post=424"}],"curies":[{"name":"wp","href":"https:\/\/api.w.org\/{rel}","templated":true}]}}