{"id":427,"date":"2024-05-21T20:27:23","date_gmt":"2024-05-21T13:27:23","guid":{"rendered":"https:\/\/hoanongteva.com\/?post_type=product&#038;p=427"},"modified":"2026-04-30T06:12:47","modified_gmt":"2026-04-29T23:12:47","slug":"nekko-69wp","status":"publish","type":"product","link":"https:\/\/hoanongteva.com\/?product=nekko-69wp","title":{"rendered":"NEKKO 69WP"},"content":{"rendered":"<ul>\n<li>L\u00e0 hai ho\u1ea1t ch\u1ea5t tr\u1eeb n\u1ea5m ph\u1ed5 r\u1ed9ng c\u00f3 t\u00e1c d\u1ee5ng ti\u1ebfp x\u00fac, th\u1ea5m s\u00e2u v\u00e0 l\u01b0u d\u1eabn l\u00e2u d\u00e0i, mang l\u1ea1i hi\u1ec7u qu\u1ea3 ph\u00f2ng tr\u1eeb cao v\u00e0 k\u00e9o d\u00e0i. Thu\u1ed1c c\u00f3 t\u00e1c d\u1ee5ng c\u00f4 l\u1eadp n\u1ea5m b\u1ec7nh, di\u1ec7t n\u1ea5m t\u1eadn g\u00f3c v\u00e0 k\u00edch th\u00edch c\u00e2y tr\u1ed3ng t\u0103ng s\u1ee9c \u0111\u1ec1 kh\u00e1ng ch\u1ed1ng ch\u1ecbu b\u1ec7nh h\u1ea1i.<\/li>\n<li>Th\u1eddi gian c\u00e1ch ly: Ng\u01b0ng phun thu\u1ed1c tr\u01b0\u1edbc khi thu ho\u1ea1ch 7 ng\u00e0y.<\/li>\n<\/ul>\n<p><strong>\u0110\u1eb7c tr\u1ecb:<\/strong>\u00a0Thu\u1ed1c tr\u1eeb n\u1ea5m ph\u1ed5 r\u1ed9ng<\/p>\n<p><strong>Li\u1ec1u d\u00f9ng:<\/strong><\/p>\n<ul>\n<li>Pha 35-50g cho 20-25 l\u00edt n\u01b0\u1edbc<\/li>\n<li>1.8 kg\/ha<\/li>\n<li>L\u01b0\u1ee3ng n\u01b0\u1edbc phun 400-600 l\u00edt\/ha<\/li>\n<li>Phun khi b\u1ec7nh m\u1edbi xu\u1ea5t hi\u1ec7n, t\u1ef7 l\u1ec7 b\u1ec7nh kho\u1ea3ng 5%<\/li>\n<\/ul>\n<p><strong><b>H\u01b0\u1edbng d\u1eabn an to\u00e0n:<\/b><\/strong><strong><b><br \/>\n<\/b><\/strong><strong><b>\u2013\u00a0<\/b><\/strong>Kh\u00f4ng h\u00fat thu\u1ed1c, \u0103n ho\u1eb7c u\u1ed1ng trong khi s\u1eed d\u1ee5ng s\u1ea3n ph\u1ea9m.<br \/>\n\u2013 khi ti\u1ebfp x\u00faa ho\u1eb7c chu\u1ea9n b\u1ecb ch\u1ebf ph\u1ea9m: tr\u00e1nh h\u00edt ph\u1ea3i ch\u1ebf ph\u1ea9m, tr\u00e1nh \u0111\u1ec3 ch\u1ebf ph\u1ea9m ti\u1ebfp x\u00fac v\u1edbi mi\u1ec7ng, da, m\u1eaft, mang b\u1ea3o h\u1ed9 lao \u0111\u1ed9ng ph\u00f9 h\u1ee3p.<br \/>\n\u2013 Sau khi s\u1eed d\u1ee5ng r\u1eeda ch\u00e2n tay v\u00e0 t\u1eafm r\u1eeda, r\u1eeda s\u1ea1ch trang b\u1ecb b\u1ea3o h\u1ed9 lao \u0111\u1ed9ng.<\/p>\n<p>\u2013 Kh\u00f4ng s\u1eed d\u1ee5ng l\u1ea1i chai ch\u1ebf ph\u1ea9m v\u00ec b\u1ea5t k\u00ec m\u1ee5c \u0111\u00edch n\u00e0o kh\u00e1c.<br \/>\n\u2013 Th\u1ea3i b\u1ecf ch\u1ebf ph\u1ea9m th\u1eeba ho\u1eb7c h\u1ebft h\u1ea1n s\u1eed d\u1ee5ng theo quy \u0111\u1ecbnh th\u1ea3i b\u1ecf ch\u1ea5t th\u1ea3i nguy h\u1ea1i.<\/p>\n","protected":false},"excerpt":{"rendered":"<p><strong>Th\u00e0nh ph\u1ea7n:<\/strong><\/p>\n<ul>\n<li>Dimethomorph 9%w\/w + Mancozeb 60%w\/w<\/li>\n<li>Additives 90% w\/w<\/li>\n<\/ul>\n","protected":false},"featured_media":428,"comment_status":"open","ping_status":"closed","template":"","meta":[],"product_cat":[74,71],"product_tag":[80,119,79,94],"class_list":{"0":"post-427","1":"product","2":"type-product","3":"status-publish","4":"has-post-thumbnail","6":"product_cat-hoa-hoc","7":"product_cat-thuoc-tru-benh","8":"product_tag-hoa-nong-teva","9":"product_tag-nekko-69wp","10":"product_tag-thuoc-hoa-hoc","11":"product_tag-thuoc-tru-benh","13":"first","14":"instock","15":"shipping-taxable","16":"product-type-simple","17":"add-to-wishlist-after_add_to_cart"},"_links":{"self":[{"href":"https:\/\/hoanongteva.com\/index.php?rest_route=\/wp\/v2\/product\/427","targetHints":{"allow":["GET"]}}],"collection":[{"href":"https:\/\/hoanongteva.com\/index.php?rest_route=\/wp\/v2\/product"}],"about":[{"href":"https:\/\/hoanongteva.com\/index.php?rest_route=\/wp\/v2\/types\/product"}],"replies":[{"embeddable":true,"href":"https:\/\/hoanongteva.com\/index.php?rest_route=%2Fwp%2Fv2%2Fcomments&post=427"}],"wp:featuredmedia":[{"embeddable":true,"href":"https:\/\/hoanongteva.com\/index.php?rest_route=\/wp\/v2\/media\/428"}],"wp:attachment":[{"href":"https:\/\/hoanongteva.com\/index.php?rest_route=%2Fwp%2Fv2%2Fmedia&parent=427"}],"wp:term":[{"taxonomy":"product_cat","embeddable":true,"href":"https:\/\/hoanongteva.com\/index.php?rest_route=%2Fwp%2Fv2%2Fproduct_cat&post=427"},{"taxonomy":"product_tag","embeddable":true,"href":"https:\/\/hoanongteva.com\/index.php?rest_route=%2Fwp%2Fv2%2Fproduct_tag&post=427"}],"curies":[{"name":"wp","href":"https:\/\/api.w.org\/{rel}","templated":true}]}}